{"id":12,"date":"2020-01-15T14:05:46","date_gmt":"2020-01-15T14:05:46","guid":{"rendered":"http:\/\/lidertech.com.pl\/?page_id=12"},"modified":"2022-01-11T21:09:30","modified_gmt":"2022-01-11T21:09:30","slug":"referencje","status":"publish","type":"page","link":"https:\/\/lidertech.com.pl\/index.php\/referencje\/","title":{"rendered":"Referencje"},"content":{"rendered":"\n<p class=\"oddalenie has-large-font-size\">Referencje naszej firmy z ostatnich realizacji.<\/p>\n\n\n\n<p class=\"has-background\" style=\"background-color:#b3d4fc\">Przebudowa budynku dla Wojew\u00f3dztwa Lubelskiego<\/p>\n\n\n\n<figure class=\"wp-block-image size-full\"><img loading=\"lazy\" decoding=\"async\" width=\"506\" height=\"763\" src=\"https:\/\/lidertech.com.pl\/wp-content\/uploads\/2022\/01\/Zrzut-ekranu-2022-01-11-220125-1.png\" alt=\"\" class=\"wp-image-370\" srcset=\"https:\/\/lidertech.com.pl\/wp-content\/uploads\/2022\/01\/Zrzut-ekranu-2022-01-11-220125-1.png 506w, https:\/\/lidertech.com.pl\/wp-content\/uploads\/2022\/01\/Zrzut-ekranu-2022-01-11-220125-1-199x300.png 199w\" sizes=\"auto, (max-width: 506px) 100vw, 506px\" \/><\/figure>\n\n\n\n<p><\/p>\n\n\n\n<p class=\"has-background\" style=\"background-color:#b3d4fc\"> Budowa budynk\u00f3w handlowo-us\u0142ugowych zgodnie ze standardem wykonania sklepu Biedronka. Biedronki budowali\u015bmy m.in w miejscowo\u015bciach \u015awidnik i Milej\u00f3w<\/p>\n\n\n\n<figure class=\"wp-block-gallery columns-2 is-cropped wp-block-gallery-1 is-layout-flex wp-block-gallery-is-layout-flex\"><ul class=\"blocks-gallery-grid\"><li class=\"blocks-gallery-item\"><figure><img loading=\"lazy\" decoding=\"async\" width=\"467\" height=\"678\" src=\"https:\/\/lidertech.com.pl\/wp-content\/uploads\/2022\/01\/Zrzut-ekranu-2022-01-11-220304.png\" alt=\"\" data-id=\"367\" data-full-url=\"https:\/\/lidertech.com.pl\/wp-content\/uploads\/2022\/01\/Zrzut-ekranu-2022-01-11-220304.png\" data-link=\"https:\/\/lidertech.com.pl\/index.php\/referencje\/zrzut-ekranu-2022-01-11-220304\/\" class=\"wp-image-367\" srcset=\"https:\/\/lidertech.com.pl\/wp-content\/uploads\/2022\/01\/Zrzut-ekranu-2022-01-11-220304.png 467w, https:\/\/lidertech.com.pl\/wp-content\/uploads\/2022\/01\/Zrzut-ekranu-2022-01-11-220304-207x300.png 207w\" sizes=\"auto, (max-width: 467px) 100vw, 467px\" \/><\/figure><\/li><li class=\"blocks-gallery-item\"><figure><img loading=\"lazy\" decoding=\"async\" width=\"536\" height=\"768\" src=\"https:\/\/lidertech.com.pl\/wp-content\/uploads\/2022\/01\/Zrzut-ekranu-2022-01-11-220342.png\" alt=\"\" data-id=\"368\" data-full-url=\"https:\/\/lidertech.com.pl\/wp-content\/uploads\/2022\/01\/Zrzut-ekranu-2022-01-11-220342.png\" data-link=\"https:\/\/lidertech.com.pl\/index.php\/referencje\/zrzut-ekranu-2022-01-11-220342\/\" class=\"wp-image-368\" srcset=\"https:\/\/lidertech.com.pl\/wp-content\/uploads\/2022\/01\/Zrzut-ekranu-2022-01-11-220342.png 536w, https:\/\/lidertech.com.pl\/wp-content\/uploads\/2022\/01\/Zrzut-ekranu-2022-01-11-220342-209x300.png 209w\" sizes=\"auto, (max-width: 536px) 100vw, 536px\" \/><\/figure><\/li><\/ul><\/figure>\n\n\n\n<p class=\"has-background\" style=\"background-color:#b3d4fc\">Budowa budynku produkcyjno &#8211; magazynowanego w Lublinie przy ul. Metalurgicznej.<\/p>\n\n\n\n<ul class=\"wp-block-gallery columns-2 is-cropped\"><li class=\"blocks-gallery-item\"><figure><img decoding=\"async\" src=\"https:\/\/lidertech.com.pl\/wp-content\/uploads\/2020\/01\/Diesel_Lublin.png\" alt=\"\" data-id=\"105\" data-link=\"https:\/\/lidertech.com.pl\/index.php\/referencje\/diesel_lublin\/\" class=\"wp-image-102 ramka\"><\/figure><\/li>\n<li class=\"blocks-gallery-item\"><figure><\/figure><\/li>\n<\/ul>\n\n\n\n<p class=\"kolor_niebieski has-background\" style=\"background-color:#b3d4fc\">Budowa budynk\u00f3w handlowo-us\u0142ugowych zgodnie ze standardem wykonania sklepu Biedronka. Biedronki budowali\u015bmy m.in w miejscowo\u015bciach Cyc\u00f3w i Niedrzwica Du\u017ca <\/p>\n\n\n\n<ul class=\"wp-block-gallery columns-2 is-cropped\"><li class=\"blocks-gallery-item\"><figure><img loading=\"lazy\" decoding=\"async\" width=\"517\" height=\"830\" src=\"https:\/\/lidertech.com.pl\/wp-content\/uploads\/2020\/01\/Biedronka_Cycow-2.png\" alt=\"\" data-id=\"71\" data-link=\"https:\/\/lidertech.com.pl\/index.php\/referencje\/biedronka_cycow-3\/\" class=\"wp-image-71 ramka\" srcset=\"https:\/\/lidertech.com.pl\/wp-content\/uploads\/2020\/01\/Biedronka_Cycow-2.png 517w, https:\/\/lidertech.com.pl\/wp-content\/uploads\/2020\/01\/Biedronka_Cycow-2-187x300.png 187w\" sizes=\"auto, (max-width: 517px) 100vw, 517px\" \/><\/figure><\/li><li class=\"blocks-gallery-item\"><figure><img loading=\"lazy\" decoding=\"async\" width=\"503\" height=\"718\" src=\"https:\/\/lidertech.com.pl\/wp-content\/uploads\/2020\/01\/Biedronka_Niedrzwica-2.png\" alt=\"\" data-id=\"72\" data-link=\"https:\/\/lidertech.com.pl\/index.php\/referencje\/biedronka_niedrzwica-3\/\" class=\"wp-image-72 ramka\" srcset=\"https:\/\/lidertech.com.pl\/wp-content\/uploads\/2020\/01\/Biedronka_Niedrzwica-2.png 503w, https:\/\/lidertech.com.pl\/wp-content\/uploads\/2020\/01\/Biedronka_Niedrzwica-2-210x300.png 210w\" sizes=\"auto, (max-width: 503px) 100vw, 503px\" \/><\/figure><\/li><\/ul>\n\n\n\n<p class=\"kolor_niebieski has-background\" style=\"background-color:#b3d4fc\">Budowa budynk\u00f3w handlowo-us\u0142ugowych zgodnie ze standardem wykonania sklepu Stokrotka. Stokrotki budowali\u015bmy m.in w miejscowo\u015bciach Sawin i Wierzbica<\/p>\n\n\n\n<ul class=\"wp-block-gallery columns-2 is-cropped\"><li class=\"blocks-gallery-item\"><figure><img loading=\"lazy\" decoding=\"async\" width=\"622\" height=\"1024\" src=\"https:\/\/lidertech.com.pl\/wp-content\/uploads\/2020\/01\/ReferencjeSawin-1-622x1024.jpg\" alt=\"\" data-id=\"73\" data-link=\"https:\/\/lidertech.com.pl\/index.php\/referencje\/referencjesawin-2\/\" class=\"wp-image-73 ramka\" srcset=\"https:\/\/lidertech.com.pl\/wp-content\/uploads\/2020\/01\/ReferencjeSawin-1-622x1024.jpg 622w, https:\/\/lidertech.com.pl\/wp-content\/uploads\/2020\/01\/ReferencjeSawin-1-182x300.jpg 182w, https:\/\/lidertech.com.pl\/wp-content\/uploads\/2020\/01\/ReferencjeSawin-1-768x1265.jpg 768w, https:\/\/lidertech.com.pl\/wp-content\/uploads\/2020\/01\/ReferencjeSawin-1-848x1397.jpg 848w, https:\/\/lidertech.com.pl\/wp-content\/uploads\/2020\/01\/ReferencjeSawin-1.jpg 1700w\" sizes=\"auto, (max-width: 622px) 100vw, 622px\" \/><\/figure><\/li><li class=\"blocks-gallery-item\"><figure><img loading=\"lazy\" decoding=\"async\" width=\"622\" height=\"1024\" src=\"https:\/\/lidertech.com.pl\/wp-content\/uploads\/2020\/01\/ReferencjeWierzbica-1-622x1024.jpg\" alt=\"\" data-id=\"75\" data-link=\"https:\/\/lidertech.com.pl\/index.php\/referencje\/referencjewierzbica-2\/\" class=\"wp-image-75 ramka\" srcset=\"https:\/\/lidertech.com.pl\/wp-content\/uploads\/2020\/01\/ReferencjeWierzbica-1-622x1024.jpg 622w, https:\/\/lidertech.com.pl\/wp-content\/uploads\/2020\/01\/ReferencjeWierzbica-1-182x300.jpg 182w, https:\/\/lidertech.com.pl\/wp-content\/uploads\/2020\/01\/ReferencjeWierzbica-1-768x1265.jpg 768w, https:\/\/lidertech.com.pl\/wp-content\/uploads\/2020\/01\/ReferencjeWierzbica-1-848x1397.jpg 848w, https:\/\/lidertech.com.pl\/wp-content\/uploads\/2020\/01\/ReferencjeWierzbica-1.jpg 1700w\" sizes=\"auto, (max-width: 622px) 100vw, 622px\" \/><\/figure><\/li><\/ul>\n\n\n\n<p class=\"has-background\" style=\"background-color:#b3d4fc\"> Modernizacja i przebudowa budynku nr 11 w kompleksie wojskowym w Che\u0142mie przy ul. Lubelskiej<\/p>\n\n\n\n<ul class=\"wp-block-gallery columns-2 is-cropped\"><li class=\"blocks-gallery-item\"><figure><img loading=\"lazy\" decoding=\"async\" width=\"498\" height=\"702\" src=\"https:\/\/lidertech.com.pl\/wp-content\/uploads\/2020\/01\/WojskoChelm.png\" alt=\"\" data-id=\"129\" data-link=\"https:\/\/lidertech.com.pl\/index.php\/referencje\/wojskochelm\/\" class=\"wp-image-129 ramka\" srcset=\"https:\/\/lidertech.com.pl\/wp-content\/uploads\/2020\/01\/WojskoChelm.png 498w, https:\/\/lidertech.com.pl\/wp-content\/uploads\/2020\/01\/WojskoChelm-213x300.png 213w\" sizes=\"auto, (max-width: 498px) 100vw, 498px\" \/><\/figure><\/li><li class=\"blocks-gallery-item\"><figure><\/figure><\/li><\/ul>\n","protected":false},"excerpt":{"rendered":"<p>Referencje naszej firmy z ostatnich realizacji. Przebudowa budynku dla Wojew\u00f3dztwa Lubelskiego Budowa budynk\u00f3w handlowo-us\u0142ugowych zgodnie ze standardem wykonania sklepu Biedronka. Biedronki budowali\u015bmy m.in w miejscowo\u015bciach \u015awidnik i Milej\u00f3w Budowa budynku produkcyjno &#8211; magazynowanego w Lublinie przy ul. Metalurgicznej. Budowa budynk\u00f3w handlowo-us\u0142ugowych zgodnie ze standardem wykonania sklepu Biedronka. Biedronki budowali\u015bmy m.in w miejscowo\u015bciach Cyc\u00f3w i Niedrzwica [&hellip;]<\/p>\n","protected":false},"author":1,"featured_media":0,"parent":0,"menu_order":0,"comment_status":"closed","ping_status":"closed","template":"","meta":{"ngg_post_thumbnail":0,"footnotes":""},"class_list":["post-12","page","type-page","status-publish","hentry"],"_links":{"self":[{"href":"https:\/\/lidertech.com.pl\/index.php\/wp-json\/wp\/v2\/pages\/12","targetHints":{"allow":["GET"]}}],"collection":[{"href":"https:\/\/lidertech.com.pl\/index.php\/wp-json\/wp\/v2\/pages"}],"about":[{"href":"https:\/\/lidertech.com.pl\/index.php\/wp-json\/wp\/v2\/types\/page"}],"author":[{"embeddable":true,"href":"https:\/\/lidertech.com.pl\/index.php\/wp-json\/wp\/v2\/users\/1"}],"replies":[{"embeddable":true,"href":"https:\/\/lidertech.com.pl\/index.php\/wp-json\/wp\/v2\/comments?post=12"}],"version-history":[{"count":37,"href":"https:\/\/lidertech.com.pl\/index.php\/wp-json\/wp\/v2\/pages\/12\/revisions"}],"predecessor-version":[{"id":371,"href":"https:\/\/lidertech.com.pl\/index.php\/wp-json\/wp\/v2\/pages\/12\/revisions\/371"}],"wp:attachment":[{"href":"https:\/\/lidertech.com.pl\/index.php\/wp-json\/wp\/v2\/media?parent=12"}],"curies":[{"name":"wp","href":"https:\/\/api.w.org\/{rel}","templated":true}]}}