{"id":14,"date":"2020-01-15T14:05:46","date_gmt":"2020-01-15T14:05:46","guid":{"rendered":"http:\/\/lidertech.com.pl\/?page_id=14"},"modified":"2020-01-16T13:02:41","modified_gmt":"2020-01-16T13:02:41","slug":"realizacje","status":"publish","type":"page","link":"https:\/\/lidertech.com.pl\/index.php\/realizacje\/","title":{"rendered":"Realizacje"},"content":{"rendered":"\n<p class=\"has-large-font-size oddalenie\">Realizacje<\/p>\n\n\n\n<p>Zapraszamy do odwiedzenia poddzia\u0142\u00f3w realizowanych przez nas budynk\u00f3w:<\/p>\n\n\n\n<ul class=\"wp-block-list\"><li><a href=\"https:\/\/lidertech.com.pl\/index.php\/realizacje\/budynki-handlowo-uslugowe\/\">Budynki handlowo us\u0142ugowe\u00a0<\/a>\u00a0&#8211; sklepy wielkopowierzchniowe, retail parki, budynki dla sieci handlowych<\/li><li><a href=\"https:\/\/lidertech.com.pl\/index.php\/realizacje\/budynki-produkcyjne-i-magazynowe\/\">Budynki produkcyjno magazynowe<\/a>\u00a0budynki produkcyjne z zapleczem sojcalnym i cz\u0119\u015bci\u0105 sk\u0142adow\u0105<\/li><li><a href=\"https:\/\/lidertech.com.pl\/index.php\/realizacje\/budynki-mieszkaniowe\/\">Budynki mieszkalne\u00a0b<\/a>udynki wielorodzinne <\/li><li><a href=\"https:\/\/lidertech.com.pl\/index.php\/realizacje\/budynki-biurowe-i-uzytecznosci-publicznej\/\">Budynki biurowe\u00a0i\u00a0u\u017cyteczno\u015bci\u00a0publicznej\u00a0&#8211;<\/a>\u00a0biurowce,\u00a0budynki u\u017cyteczno\u015bci publicznej z wy\u0142\u0105czeniem budynk\u00f3w handlowo us\u0142ugowych<\/li><\/ul>\n","protected":false},"excerpt":{"rendered":"<p>Realizacje Zapraszamy do odwiedzenia poddzia\u0142\u00f3w realizowanych przez nas budynk\u00f3w: Budynki handlowo us\u0142ugowe\u00a0\u00a0&#8211; sklepy wielkopowierzchniowe, retail parki, budynki dla sieci handlowych Budynki produkcyjno magazynowe\u00a0budynki produkcyjne z zapleczem sojcalnym i cz\u0119\u015bci\u0105 sk\u0142adow\u0105 Budynki mieszkalne\u00a0budynki wielorodzinne Budynki biurowe\u00a0i\u00a0u\u017cyteczno\u015bci\u00a0publicznej\u00a0&#8211;\u00a0biurowce,\u00a0budynki u\u017cyteczno\u015bci publicznej z wy\u0142\u0105czeniem budynk\u00f3w handlowo us\u0142ugowych<\/p>\n","protected":false},"author":1,"featured_media":0,"parent":0,"menu_order":0,"comment_status":"closed","ping_status":"closed","template":"","meta":{"ngg_post_thumbnail":0,"footnotes":""},"class_list":["post-14","page","type-page","status-publish","hentry"],"_links":{"self":[{"href":"https:\/\/lidertech.com.pl\/index.php\/wp-json\/wp\/v2\/pages\/14","targetHints":{"allow":["GET"]}}],"collection":[{"href":"https:\/\/lidertech.com.pl\/index.php\/wp-json\/wp\/v2\/pages"}],"about":[{"href":"https:\/\/lidertech.com.pl\/index.php\/wp-json\/wp\/v2\/types\/page"}],"author":[{"embeddable":true,"href":"https:\/\/lidertech.com.pl\/index.php\/wp-json\/wp\/v2\/users\/1"}],"replies":[{"embeddable":true,"href":"https:\/\/lidertech.com.pl\/index.php\/wp-json\/wp\/v2\/comments?post=14"}],"version-history":[{"count":5,"href":"https:\/\/lidertech.com.pl\/index.php\/wp-json\/wp\/v2\/pages\/14\/revisions"}],"predecessor-version":[{"id":255,"href":"https:\/\/lidertech.com.pl\/index.php\/wp-json\/wp\/v2\/pages\/14\/revisions\/255"}],"wp:attachment":[{"href":"https:\/\/lidertech.com.pl\/index.php\/wp-json\/wp\/v2\/media?parent=14"}],"curies":[{"name":"wp","href":"https:\/\/api.w.org\/{rel}","templated":true}]}}