{"id":193,"date":"2020-01-16T09:41:17","date_gmt":"2020-01-16T09:41:17","guid":{"rendered":"http:\/\/lidertech.com.pl\/?page_id=193"},"modified":"2022-01-25T17:59:08","modified_gmt":"2022-01-25T17:59:08","slug":"budynki-handlowo-uslugowe","status":"publish","type":"page","link":"https:\/\/lidertech.com.pl\/index.php\/realizacje\/budynki-handlowo-uslugowe\/","title":{"rendered":"Budynki handlowo &#8211; us\u0142ugowe"},"content":{"rendered":"\n<p class=\"oddalenie has-large-font-size\">Budynki handlowo &#8211; us\u0142ugowe<\/p>\n\n\n\n<p class=\"has-background\" style=\"background-color:#b3d4fc;font-size:26px\"><strong>W trakcie realizacji:<\/strong><\/p>\n\n\n\n<p class=\"has-background has-medium-font-size\" style=\"background-color:#e0f3fc\"><span style=\"text-decoration: underline;\">Stokrotka w Sobolewie<\/span><\/p>\n\n\n\n<p>Zakres wykonywanych prac: generalne wykonawstwo.<br>Termin rozpocz\u0119cia: stycze\u0144 2022 r. , termin zako\u0144czenia: czerwiec 2022 r.<br>Powierzchnia u\u017cytkowa : 500 m2,<br>Ilo\u015b\u0107 kondygnacji : 1;<br>Spos\u00f3b budowy : metoda tradycyjna udoskonalona.<\/p>\n\n\n\n<p class=\"has-background has-medium-font-size\" style=\"background-color:#e0f3fc\"><span style=\"text-decoration: underline;\">Stokrotka w Bia\u0142opolu<\/span><\/p>\n\n\n\n<p>Zakres wykonywanych prac: generalne wykonawstwo.<br>Termin rozpocz\u0119cia: grudzie\u0144 2021 r. , termin zako\u0144czenia: kwiecie\u0144 2022 r.<br>Powierzchnia u\u017cytkowa : 440m2,<br>Ilo\u015b\u0107 kondygnacji : 1;<br>Spos\u00f3b budowy : metoda tradycyjna udoskonalona.<\/p>\n\n\n\n<p class=\"has-background\" style=\"background-color:#b3d4fc;font-size:26px\"><strong>Zrealizowane:<\/strong><\/p>\n\n\n\n<p class=\"has-background has-medium-font-size\" style=\"background-color:#e0f3fc\"><span style=\"text-decoration: underline;\">Biedronka w miejscowo\u015bci \u015awidnik<\/span><\/p>\n\n\n\n<p>Zakres wykonywanych prac: generalne wykonawstwo.<br>Termin rozpocz\u0119cia: sierpie\u0144 2021 r. , termin zako\u0144czenia: grudzie\u0144 2021 r.<br>Powierzchnia u\u017cytkowa : 1076m2,<br>Ilo\u015b\u0107 kondygnacji : 1;<br>Spos\u00f3b budowy : metoda tradycyjna udoskonalona.<\/p>\n\n\n\n<p class=\"has-background has-medium-font-size\" style=\"background-color:#e0f3fc\"> <u>Biedronka w miejscowo\u015bci Milej\u00f3w<\/u><\/p>\n\n\n\n<p>Zakres wykonywanych prac: generalne wykonawstwo.<br>Termin rozpocz\u0119cia: luty 2021 r. , termin zako\u0144czenia: grudzie\u0144 2021 r.<br>Powierzchnia u\u017cytkowa : 1076m2,<br>Ilo\u015b\u0107 kondygnacji : 1;<br>Spos\u00f3b budowy : metoda tradycyjna udoskonalona.  <\/p>\n\n\n\n<p class=\"has-background has-medium-font-size\" style=\"background-color:#e0f3fc\"><u>Biedronka w Wasilkowie<\/u><\/p>\n\n\n\n<p>Zakres wykonywanych prac: generalne wykonawstwo.<br>Termin rozpocz\u0119cia: stycze\u0144 2020 r. , termin zako\u0144czenia: czerwiec 2020 r.<br>Powierzchnia u\u017cytkowa : 1076m2,<br>Ilo\u015b\u0107 kondygnacji : 1;<br>Spos\u00f3b budowy : metoda tradycyjna udoskonalona.<\/p>\n\n\n\n<p class=\"has-background has-medium-font-size\" style=\"background-color:#e0f3fc\"><u>Budynek handlowo us\u0142ugowy w Che\u0142mie przy ul. Aleja Przyja\u017ani<\/u><\/p>\n\n\n\n<p>Zakres wykonywanych prac: generalne wykonawstwo. <br>Termin rozpocz\u0119cia: stycze\u0144 2019 r. , termin zako\u0144czenia: pa\u017adziernik 2019 r.<br>Powierzchnia u\u017cytkowa : 1300m2,<br>Ilo\u015b\u0107 kondygnacji : 1;  <\/p>\n\n\n\n<p><strong>Zakres prac<\/strong><\/p>\n\n\n\n<ul class=\"wp-block-list\"><li>&#8211; roboty fundamentowe i ziemne<\/li><li>&#8211; roboty stanu surowego: roboty murowe i \u017celbetowe<\/li><li>&#8211; konstrukcj\u0119 stalow\u0105 dachu o masie ponad 30 ton<\/li><li>&#8211; pokrycie dachu membran\u0105 PCV wysokiej g\u0119sto\u015bci <\/li><li>&#8211; wyko\u0144czenie elewacji: tynk silikonowy i kasetony stalowe<\/li><li>&#8211; instalacje sanitarne zewn\u0119trzne i wewn\u0119trzne: kanalizacji deszczowej, sanitarnej, wodoci\u0105gowej, hydrantowej, centralnego ogrzewania<\/li><li>&#8211; instalacje elektryczne i teletechniczne wewn\u0119trzne i zewn\u0119trzne<\/li><li>&#8211; budowa parkingu i zjazdu<\/li><li>-roboty towarzysz\u0105ce przy ekshumacji zw\u0142ok ofiar II Wojny \u015awiatowej<\/li><\/ul>\n\n\n\n<!-- default-view.php -->\n<div\n\tclass=\"ngg-galleryoverview default-view \"\n\tid=\"ngg-gallery-60a6b3b2340d5313af5cb9e5c6fd36ae-1\">\n\n\t\t<!-- Thumbnails -->\n\t\t\t\t<div id=\"ngg-image-0\" class=\"ngg-gallery-thumbnail-box \" >\n\t\t\t\t        <div class=\"ngg-gallery-thumbnail\">\n            <a href=\"https:\/\/lidertech.com.pl\/wp-content\/gallery\/pawilonchelm\/IMG_1250.jpg\"\n               title=\"\"\n               data-src=\"https:\/\/lidertech.com.pl\/wp-content\/gallery\/pawilonchelm\/IMG_1250.jpg\"\n               data-thumbnail=\"https:\/\/lidertech.com.pl\/wp-content\/gallery\/pawilonchelm\/thumbs\/thumbs_IMG_1250.jpg\"\n               data-image-id=\"9\"\n               data-title=\"IMG_1250\"\n               data-description=\"\"\n               data-image-slug=\"img_1250\"\n               class=\"ngg-simplelightbox\" rel=\"60a6b3b2340d5313af5cb9e5c6fd36ae\">\n                <img\n                    title=\"IMG_1250\"\n                    alt=\"IMG_1250\"\n                    src=\"https:\/\/lidertech.com.pl\/wp-content\/gallery\/pawilonchelm\/thumbs\/thumbs_IMG_1250.jpg\"\n                    width=\"240\"\n                    height=\"160\"\n                    style=\"max-width:100%;\"\n                \/>\n            <\/a>\n        <\/div>\n\t\t\t\t\t\t\t<\/div> \n\t\t\t\n\t\t\t\t<div id=\"ngg-image-1\" class=\"ngg-gallery-thumbnail-box \" >\n\t\t\t\t        <div class=\"ngg-gallery-thumbnail\">\n            <a href=\"https:\/\/lidertech.com.pl\/wp-content\/gallery\/pawilonchelm\/IMG_1350.jpg\"\n               title=\"\"\n               data-src=\"https:\/\/lidertech.com.pl\/wp-content\/gallery\/pawilonchelm\/IMG_1350.jpg\"\n               data-thumbnail=\"https:\/\/lidertech.com.pl\/wp-content\/gallery\/pawilonchelm\/thumbs\/thumbs_IMG_1350.jpg\"\n               data-image-id=\"10\"\n               data-title=\"IMG_1350\"\n               data-description=\"\"\n               data-image-slug=\"img_1350\"\n               class=\"ngg-simplelightbox\" rel=\"60a6b3b2340d5313af5cb9e5c6fd36ae\">\n                <img\n                    title=\"IMG_1350\"\n                    alt=\"IMG_1350\"\n                    src=\"https:\/\/lidertech.com.pl\/wp-content\/gallery\/pawilonchelm\/thumbs\/thumbs_IMG_1350.jpg\"\n                    width=\"240\"\n                    height=\"160\"\n                    style=\"max-width:100%;\"\n                \/>\n            <\/a>\n        <\/div>\n\t\t\t\t\t\t\t<\/div> \n\t\t\t\n\t\t\t\t<div id=\"ngg-image-2\" class=\"ngg-gallery-thumbnail-box \" >\n\t\t\t\t        <div class=\"ngg-gallery-thumbnail\">\n            <a href=\"https:\/\/lidertech.com.pl\/wp-content\/gallery\/pawilonchelm\/IMG_1351.jpg\"\n               title=\"\"\n               data-src=\"https:\/\/lidertech.com.pl\/wp-content\/gallery\/pawilonchelm\/IMG_1351.jpg\"\n               data-thumbnail=\"https:\/\/lidertech.com.pl\/wp-content\/gallery\/pawilonchelm\/thumbs\/thumbs_IMG_1351.jpg\"\n               data-image-id=\"11\"\n               data-title=\"IMG_1351\"\n               data-description=\"\"\n               data-image-slug=\"img_1351\"\n               class=\"ngg-simplelightbox\" rel=\"60a6b3b2340d5313af5cb9e5c6fd36ae\">\n                <img\n                    title=\"IMG_1351\"\n                    alt=\"IMG_1351\"\n                    src=\"https:\/\/lidertech.com.pl\/wp-content\/gallery\/pawilonchelm\/thumbs\/thumbs_IMG_1351.jpg\"\n                    width=\"240\"\n                    height=\"160\"\n                    style=\"max-width:100%;\"\n                \/>\n            <\/a>\n        <\/div>\n\t\t\t\t\t\t\t<\/div> \n\t\t\t\n\t\t\t\t<div id=\"ngg-image-3\" class=\"ngg-gallery-thumbnail-box \" >\n\t\t\t\t        <div class=\"ngg-gallery-thumbnail\">\n            <a href=\"https:\/\/lidertech.com.pl\/wp-content\/gallery\/pawilonchelm\/IMG_1352.jpg\"\n               title=\"\"\n               data-src=\"https:\/\/lidertech.com.pl\/wp-content\/gallery\/pawilonchelm\/IMG_1352.jpg\"\n               data-thumbnail=\"https:\/\/lidertech.com.pl\/wp-content\/gallery\/pawilonchelm\/thumbs\/thumbs_IMG_1352.jpg\"\n               data-image-id=\"12\"\n               data-title=\"IMG_1352\"\n               data-description=\"\"\n               data-image-slug=\"img_1352\"\n               class=\"ngg-simplelightbox\" rel=\"60a6b3b2340d5313af5cb9e5c6fd36ae\">\n                <img\n                    title=\"IMG_1352\"\n                    alt=\"IMG_1352\"\n                    src=\"https:\/\/lidertech.com.pl\/wp-content\/gallery\/pawilonchelm\/thumbs\/thumbs_IMG_1352.jpg\"\n                    width=\"240\"\n                    height=\"160\"\n                    style=\"max-width:100%;\"\n                \/>\n            <\/a>\n        <\/div>\n\t\t\t\t\t\t\t<\/div> \n\t\t\t\n\t\t\t\t<div id=\"ngg-image-4\" class=\"ngg-gallery-thumbnail-box \" >\n\t\t\t\t        <div class=\"ngg-gallery-thumbnail\">\n            <a href=\"https:\/\/lidertech.com.pl\/wp-content\/gallery\/pawilonchelm\/IMG_1353.jpg\"\n               title=\"\"\n               data-src=\"https:\/\/lidertech.com.pl\/wp-content\/gallery\/pawilonchelm\/IMG_1353.jpg\"\n               data-thumbnail=\"https:\/\/lidertech.com.pl\/wp-content\/gallery\/pawilonchelm\/thumbs\/thumbs_IMG_1353.jpg\"\n               data-image-id=\"13\"\n               data-title=\"IMG_1353\"\n               data-description=\"\"\n               data-image-slug=\"img_1353\"\n               class=\"ngg-simplelightbox\" rel=\"60a6b3b2340d5313af5cb9e5c6fd36ae\">\n                <img\n                    title=\"IMG_1353\"\n                    alt=\"IMG_1353\"\n                    src=\"https:\/\/lidertech.com.pl\/wp-content\/gallery\/pawilonchelm\/thumbs\/thumbs_IMG_1353.jpg\"\n                    width=\"240\"\n                    height=\"160\"\n                    style=\"max-width:100%;\"\n                \/>\n            <\/a>\n        <\/div>\n\t\t\t\t\t\t\t<\/div> \n\t\t\t\n\t\t\t\t<div id=\"ngg-image-5\" class=\"ngg-gallery-thumbnail-box \" >\n\t\t\t\t        <div class=\"ngg-gallery-thumbnail\">\n            <a href=\"https:\/\/lidertech.com.pl\/wp-content\/gallery\/pawilonchelm\/IMG_1354.jpg\"\n               title=\"\"\n               data-src=\"https:\/\/lidertech.com.pl\/wp-content\/gallery\/pawilonchelm\/IMG_1354.jpg\"\n               data-thumbnail=\"https:\/\/lidertech.com.pl\/wp-content\/gallery\/pawilonchelm\/thumbs\/thumbs_IMG_1354.jpg\"\n               data-image-id=\"14\"\n               data-title=\"IMG_1354\"\n               data-description=\"\"\n               data-image-slug=\"img_1354\"\n               class=\"ngg-simplelightbox\" rel=\"60a6b3b2340d5313af5cb9e5c6fd36ae\">\n                <img\n                    title=\"IMG_1354\"\n                    alt=\"IMG_1354\"\n                    src=\"https:\/\/lidertech.com.pl\/wp-content\/gallery\/pawilonchelm\/thumbs\/thumbs_IMG_1354.jpg\"\n                    width=\"240\"\n                    height=\"160\"\n                    style=\"max-width:100%;\"\n                \/>\n            <\/a>\n        <\/div>\n\t\t\t\t\t\t\t<\/div> \n\t\t\t\n\t\n\t<br style=\"clear: both\" \/>\n\n\t\n\t\t<!-- Pagination -->\n\t<div class='ngg-clear'><\/div>\t<\/div>\n\n\n\n\n<p class=\"has-background has-medium-font-size\" style=\"background-color:#e0f3fc\"><u>Biedronka w Niedrzwicy Du\u017cej<\/u><\/p>\n\n\n\n<p>Zakres wykonywanych prac: generalne wykonawstwo. <br>Termin rozpocz\u0119cia: marzec 2019 r. , termin zako\u0144czenia: pa\u017adziernik 2019 r.<br>Powierzchnia u\u017cytkowa : 1076m2,<br>Ilo\u015b\u0107 kondygnacji : 1; <br>Spos\u00f3b budowy : metoda tradycyjna udoskonalona.<\/p>\n\n\n\n<!-- default-view.php -->\n<div\n\tclass=\"ngg-galleryoverview default-view \"\n\tid=\"ngg-gallery-33245cef03aac5b02637e09687ac0232-1\">\n\n\t\t<!-- Thumbnails -->\n\t\t\t\t<div id=\"ngg-image-0\" class=\"ngg-gallery-thumbnail-box \" >\n\t\t\t\t        <div class=\"ngg-gallery-thumbnail\">\n            <a href=\"https:\/\/lidertech.com.pl\/wp-content\/gallery\/biedronka-niedrzwica\/20191024_105309.jpg\"\n               title=\"\"\n               data-src=\"https:\/\/lidertech.com.pl\/wp-content\/gallery\/biedronka-niedrzwica\/20191024_105309.jpg\"\n               data-thumbnail=\"https:\/\/lidertech.com.pl\/wp-content\/gallery\/biedronka-niedrzwica\/thumbs\/thumbs_20191024_105309.jpg\"\n               data-image-id=\"1\"\n               data-title=\"20191024_105309\"\n               data-description=\"\"\n               data-image-slug=\"20191024_105309\"\n               class=\"ngg-simplelightbox\" rel=\"33245cef03aac5b02637e09687ac0232\">\n                <img\n                    title=\"20191024_105309\"\n                    alt=\"20191024_105309\"\n                    src=\"https:\/\/lidertech.com.pl\/wp-content\/gallery\/biedronka-niedrzwica\/thumbs\/thumbs_20191024_105309.jpg\"\n                    width=\"240\"\n                    height=\"160\"\n                    style=\"max-width:100%;\"\n                \/>\n            <\/a>\n        <\/div>\n\t\t\t\t\t\t\t<\/div> \n\t\t\t\n\t\t\t\t<div id=\"ngg-image-1\" class=\"ngg-gallery-thumbnail-box \" >\n\t\t\t\t        <div class=\"ngg-gallery-thumbnail\">\n            <a href=\"https:\/\/lidertech.com.pl\/wp-content\/gallery\/biedronka-niedrzwica\/20191024_105311.jpg\"\n               title=\"\"\n               data-src=\"https:\/\/lidertech.com.pl\/wp-content\/gallery\/biedronka-niedrzwica\/20191024_105311.jpg\"\n               data-thumbnail=\"https:\/\/lidertech.com.pl\/wp-content\/gallery\/biedronka-niedrzwica\/thumbs\/thumbs_20191024_105311.jpg\"\n               data-image-id=\"2\"\n               data-title=\"20191024_105311\"\n               data-description=\"\"\n               data-image-slug=\"20191024_105311\"\n               class=\"ngg-simplelightbox\" rel=\"33245cef03aac5b02637e09687ac0232\">\n                <img\n                    title=\"20191024_105311\"\n                    alt=\"20191024_105311\"\n                    src=\"https:\/\/lidertech.com.pl\/wp-content\/gallery\/biedronka-niedrzwica\/thumbs\/thumbs_20191024_105311.jpg\"\n                    width=\"240\"\n                    height=\"160\"\n                    style=\"max-width:100%;\"\n                \/>\n            <\/a>\n        <\/div>\n\t\t\t\t\t\t\t<\/div> \n\t\t\t\n\t\t\t\t<div id=\"ngg-image-2\" class=\"ngg-gallery-thumbnail-box \" >\n\t\t\t\t        <div class=\"ngg-gallery-thumbnail\">\n            <a href=\"https:\/\/lidertech.com.pl\/wp-content\/gallery\/biedronka-niedrzwica\/20191024_105316.jpg\"\n               title=\"\"\n               data-src=\"https:\/\/lidertech.com.pl\/wp-content\/gallery\/biedronka-niedrzwica\/20191024_105316.jpg\"\n               data-thumbnail=\"https:\/\/lidertech.com.pl\/wp-content\/gallery\/biedronka-niedrzwica\/thumbs\/thumbs_20191024_105316.jpg\"\n               data-image-id=\"3\"\n               data-title=\"20191024_105316\"\n               data-description=\"\"\n               data-image-slug=\"20191024_105316\"\n               class=\"ngg-simplelightbox\" rel=\"33245cef03aac5b02637e09687ac0232\">\n                <img\n                    title=\"20191024_105316\"\n                    alt=\"20191024_105316\"\n                    src=\"https:\/\/lidertech.com.pl\/wp-content\/gallery\/biedronka-niedrzwica\/thumbs\/thumbs_20191024_105316.jpg\"\n                    width=\"240\"\n                    height=\"160\"\n                    style=\"max-width:100%;\"\n                \/>\n            <\/a>\n        <\/div>\n\t\t\t\t\t\t\t<\/div> \n\t\t\t\n\t\t\t\t<div id=\"ngg-image-3\" class=\"ngg-gallery-thumbnail-box \" >\n\t\t\t\t        <div class=\"ngg-gallery-thumbnail\">\n            <a href=\"https:\/\/lidertech.com.pl\/wp-content\/gallery\/biedronka-niedrzwica\/20191024_105320.jpg\"\n               title=\"\"\n               data-src=\"https:\/\/lidertech.com.pl\/wp-content\/gallery\/biedronka-niedrzwica\/20191024_105320.jpg\"\n               data-thumbnail=\"https:\/\/lidertech.com.pl\/wp-content\/gallery\/biedronka-niedrzwica\/thumbs\/thumbs_20191024_105320.jpg\"\n               data-image-id=\"4\"\n               data-title=\"20191024_105320\"\n               data-description=\"\"\n               data-image-slug=\"20191024_105320\"\n               class=\"ngg-simplelightbox\" rel=\"33245cef03aac5b02637e09687ac0232\">\n                <img\n                    title=\"20191024_105320\"\n                    alt=\"20191024_105320\"\n                    src=\"https:\/\/lidertech.com.pl\/wp-content\/gallery\/biedronka-niedrzwica\/thumbs\/thumbs_20191024_105320.jpg\"\n                    width=\"240\"\n                    height=\"160\"\n                    style=\"max-width:100%;\"\n                \/>\n            <\/a>\n        <\/div>\n\t\t\t\t\t\t\t<\/div> \n\t\t\t\n\t\t\t\t<div id=\"ngg-image-4\" class=\"ngg-gallery-thumbnail-box \" >\n\t\t\t\t        <div class=\"ngg-gallery-thumbnail\">\n            <a href=\"https:\/\/lidertech.com.pl\/wp-content\/gallery\/biedronka-niedrzwica\/20191024_105408.jpg\"\n               title=\"\"\n               data-src=\"https:\/\/lidertech.com.pl\/wp-content\/gallery\/biedronka-niedrzwica\/20191024_105408.jpg\"\n               data-thumbnail=\"https:\/\/lidertech.com.pl\/wp-content\/gallery\/biedronka-niedrzwica\/thumbs\/thumbs_20191024_105408.jpg\"\n               data-image-id=\"5\"\n               data-title=\"20191024_105408\"\n               data-description=\"\"\n               data-image-slug=\"20191024_105408\"\n               class=\"ngg-simplelightbox\" rel=\"33245cef03aac5b02637e09687ac0232\">\n                <img\n                    title=\"20191024_105408\"\n                    alt=\"20191024_105408\"\n                    src=\"https:\/\/lidertech.com.pl\/wp-content\/gallery\/biedronka-niedrzwica\/thumbs\/thumbs_20191024_105408.jpg\"\n                    width=\"240\"\n                    height=\"160\"\n                    style=\"max-width:100%;\"\n                \/>\n            <\/a>\n        <\/div>\n\t\t\t\t\t\t\t<\/div> \n\t\t\t\n\t\t\t\t<div id=\"ngg-image-5\" class=\"ngg-gallery-thumbnail-box \" >\n\t\t\t\t        <div class=\"ngg-gallery-thumbnail\">\n            <a href=\"https:\/\/lidertech.com.pl\/wp-content\/gallery\/biedronka-niedrzwica\/20191024_105410.jpg\"\n               title=\"\"\n               data-src=\"https:\/\/lidertech.com.pl\/wp-content\/gallery\/biedronka-niedrzwica\/20191024_105410.jpg\"\n               data-thumbnail=\"https:\/\/lidertech.com.pl\/wp-content\/gallery\/biedronka-niedrzwica\/thumbs\/thumbs_20191024_105410.jpg\"\n               data-image-id=\"6\"\n               data-title=\"20191024_105410\"\n               data-description=\"\"\n               data-image-slug=\"20191024_105410\"\n               class=\"ngg-simplelightbox\" rel=\"33245cef03aac5b02637e09687ac0232\">\n                <img\n                    title=\"20191024_105410\"\n                    alt=\"20191024_105410\"\n                    src=\"https:\/\/lidertech.com.pl\/wp-content\/gallery\/biedronka-niedrzwica\/thumbs\/thumbs_20191024_105410.jpg\"\n                    width=\"240\"\n                    height=\"160\"\n                    style=\"max-width:100%;\"\n                \/>\n            <\/a>\n        <\/div>\n\t\t\t\t\t\t\t<\/div> \n\t\t\t\n\t\t\t\t<div id=\"ngg-image-6\" class=\"ngg-gallery-thumbnail-box \" >\n\t\t\t\t        <div class=\"ngg-gallery-thumbnail\">\n            <a href=\"https:\/\/lidertech.com.pl\/wp-content\/gallery\/biedronka-niedrzwica\/20191024_105412.jpg\"\n               title=\"\"\n               data-src=\"https:\/\/lidertech.com.pl\/wp-content\/gallery\/biedronka-niedrzwica\/20191024_105412.jpg\"\n               data-thumbnail=\"https:\/\/lidertech.com.pl\/wp-content\/gallery\/biedronka-niedrzwica\/thumbs\/thumbs_20191024_105412.jpg\"\n               data-image-id=\"7\"\n               data-title=\"20191024_105412\"\n               data-description=\"\"\n               data-image-slug=\"20191024_105412\"\n               class=\"ngg-simplelightbox\" rel=\"33245cef03aac5b02637e09687ac0232\">\n                <img\n                    title=\"20191024_105412\"\n                    alt=\"20191024_105412\"\n                    src=\"https:\/\/lidertech.com.pl\/wp-content\/gallery\/biedronka-niedrzwica\/thumbs\/thumbs_20191024_105412.jpg\"\n                    width=\"240\"\n                    height=\"160\"\n                    style=\"max-width:100%;\"\n                \/>\n            <\/a>\n        <\/div>\n\t\t\t\t\t\t\t<\/div> \n\t\t\t\n\t\t\t\t<div id=\"ngg-image-7\" class=\"ngg-gallery-thumbnail-box \" >\n\t\t\t\t        <div class=\"ngg-gallery-thumbnail\">\n            <a href=\"https:\/\/lidertech.com.pl\/wp-content\/gallery\/biedronka-niedrzwica\/20191024_105446.jpg\"\n               title=\"\"\n               data-src=\"https:\/\/lidertech.com.pl\/wp-content\/gallery\/biedronka-niedrzwica\/20191024_105446.jpg\"\n               data-thumbnail=\"https:\/\/lidertech.com.pl\/wp-content\/gallery\/biedronka-niedrzwica\/thumbs\/thumbs_20191024_105446.jpg\"\n               data-image-id=\"8\"\n               data-title=\"20191024_105446\"\n               data-description=\"\"\n               data-image-slug=\"20191024_105446\"\n               class=\"ngg-simplelightbox\" rel=\"33245cef03aac5b02637e09687ac0232\">\n                <img\n                    title=\"20191024_105446\"\n                    alt=\"20191024_105446\"\n                    src=\"https:\/\/lidertech.com.pl\/wp-content\/gallery\/biedronka-niedrzwica\/thumbs\/thumbs_20191024_105446.jpg\"\n                    width=\"240\"\n                    height=\"160\"\n                    style=\"max-width:100%;\"\n                \/>\n            <\/a>\n        <\/div>\n\t\t\t\t\t\t\t<\/div> \n\t\t\t\n\t\n\t<br style=\"clear: both\" \/>\n\n\t\n\t\t<!-- Pagination -->\n\t<div class='ngg-clear'><\/div>\t<\/div>\n\n","protected":false},"excerpt":{"rendered":"<p>Budynki handlowo &#8211; us\u0142ugowe W trakcie realizacji: Stokrotka w Sobolewie Zakres wykonywanych prac: generalne wykonawstwo.Termin rozpocz\u0119cia: stycze\u0144 2022 r. , termin zako\u0144czenia: czerwiec 2022 r.Powierzchnia u\u017cytkowa : 500 m2,Ilo\u015b\u0107 kondygnacji : 1;Spos\u00f3b budowy : metoda tradycyjna udoskonalona. Stokrotka w Bia\u0142opolu Zakres wykonywanych prac: generalne wykonawstwo.Termin rozpocz\u0119cia: grudzie\u0144 2021 r. , termin zako\u0144czenia: kwiecie\u0144 2022 r.Powierzchnia [&hellip;]<\/p>\n","protected":false},"author":1,"featured_media":0,"parent":14,"menu_order":0,"comment_status":"closed","ping_status":"closed","template":"","meta":{"ngg_post_thumbnail":0,"footnotes":""},"class_list":["post-193","page","type-page","status-publish","hentry"],"_links":{"self":[{"href":"https:\/\/lidertech.com.pl\/index.php\/wp-json\/wp\/v2\/pages\/193","targetHints":{"allow":["GET"]}}],"collection":[{"href":"https:\/\/lidertech.com.pl\/index.php\/wp-json\/wp\/v2\/pages"}],"about":[{"href":"https:\/\/lidertech.com.pl\/index.php\/wp-json\/wp\/v2\/types\/page"}],"author":[{"embeddable":true,"href":"https:\/\/lidertech.com.pl\/index.php\/wp-json\/wp\/v2\/users\/1"}],"replies":[{"embeddable":true,"href":"https:\/\/lidertech.com.pl\/index.php\/wp-json\/wp\/v2\/comments?post=193"}],"version-history":[{"count":24,"href":"https:\/\/lidertech.com.pl\/index.php\/wp-json\/wp\/v2\/pages\/193\/revisions"}],"predecessor-version":[{"id":376,"href":"https:\/\/lidertech.com.pl\/index.php\/wp-json\/wp\/v2\/pages\/193\/revisions\/376"}],"up":[{"embeddable":true,"href":"https:\/\/lidertech.com.pl\/index.php\/wp-json\/wp\/v2\/pages\/14"}],"wp:attachment":[{"href":"https:\/\/lidertech.com.pl\/index.php\/wp-json\/wp\/v2\/media?parent=193"}],"curies":[{"name":"wp","href":"https:\/\/api.w.org\/{rel}","templated":true}]}}