{"id":195,"date":"2020-01-16T09:42:39","date_gmt":"2020-01-16T09:42:39","guid":{"rendered":"http:\/\/lidertech.com.pl\/?page_id=195"},"modified":"2022-01-25T18:08:26","modified_gmt":"2022-01-25T18:08:26","slug":"budynki-produkcyjne-i-magazynowe","status":"publish","type":"page","link":"https:\/\/lidertech.com.pl\/index.php\/realizacje\/budynki-produkcyjne-i-magazynowe\/","title":{"rendered":"Budynki produkcyjne i magazynowe"},"content":{"rendered":"\n<p class=\"has-large-font-size\">Budynki produkcyjne i magazynowe<\/p>\n\n\n\n<p class=\"has-background\" style=\"background-color:#b3d4fc;font-size:26px\">W trakcie realizacji: <\/p>\n\n\n\n<p class=\"has-background has-medium-font-size\" style=\"background-color:#e0f3fc\"><u>W tej chwili nie realizujemy nowych budynk\u00f3w produkcyjnych<\/u><\/p>\n\n\n\n<p class=\"has-background\" style=\"background-color:#b3d4fc;font-size:26px\">Zrealizowane:<\/p>\n\n\n\n<p class=\"has-background has-medium-font-size\" style=\"background-color:#e0f3fc\"><u>Budynek magazynowo sk\u0142adowy w Che\u0142mie<\/u><\/p>\n\n\n\n<p> Termin rozpocz\u0119cia: wrzesie\u0144 2019 r. , termin zako\u0144czenia: kwiecie\u0144 2020r.<br>Powierzchnia u\u017cytkowa : 800 m2,<br>Ilo\u015b\u0107 kondygnacji : 1;<br>Spos\u00f3b budowy : metoda tradycyjna udoskonalona na cz\u0119\u015bci socjalnej, prefabrykowana stalowa na cz\u0119\u015bci magazynowo produkcyjnej.   <\/p>\n\n\n\n<ul class=\"wp-block-list\"><li>&#8211; roboty fundamentowe i ziemne<\/li><li>&#8211; budowa szachtu i dostawa d\u017awigu osobowego<\/li><li>&#8211; roboty stanu surowego: roboty murowe i \u017celbetowe<\/li><li>&#8211; konstrukcj\u0119 \u017celbetow\u0105<\/li><li>&#8211; pokrycie dachu p\u0142askiego pap\u0105<\/li><li>&#8211; docieplenie budynku p\u0142ytami warstwowymi<\/li><li>&#8211; instalacje sanitarne zewn\u0119trzne i wewn\u0119trzne: kanalizacji deszczowej, sanitarnej, wodoci\u0105gowej, hydrantowej, centralnego ogrzewania<\/li><li>&#8211; instalacje elektryczne i teletechniczne wewn\u0119trzne i zewn\u0119trzne<\/li><li>&#8211; budowa parkingu i zjazdu<\/li><\/ul>\n\n\n\n<p>no images were found<\/p>\n\n\n\n\n<p class=\"has-background has-medium-font-size\" style=\"background-color:#e0f3fc\"><u>Budynek produkcyjno-magazynowy z zapleczem socjalno-biurowym w Lublinie przy ul. Metalurgicznej<\/u><\/p>\n\n\n\n<p>Zakres wykonywanych prac: generalne wykonawstwo.<br>Termin rozpocz\u0119cia: stycze\u0144 2018 r. , termin zako\u0144czenia: kwiecie\u0144 2019r.<br>Powierzchnia u\u017cytkowa : 2400 m2,<br>Ilo\u015b\u0107 kondygnacji : 2;<br>Spos\u00f3b budowy : metoda tradycyjna udoskonalona na cz\u0119\u015bci socjalnej, prefabrykowana \u017celbetowa na cz\u0119\u015bci magazynowo produkcyjnej.  <\/p>\n\n\n\n<p><strong>Zakres prac: <\/strong><\/p>\n\n\n\n<ul class=\"wp-block-list\"><li>&#8211; roboty fundamentowe i ziemne<\/li><li>&#8211; budowa szachtu i dostawa d\u017awigu osobowego<\/li><li>&#8211; roboty stanu surowego: roboty murowe i \u017celbetowe<\/li><li>&#8211; konstrukcj\u0119 \u017celbetow\u0105<\/li><li>&#8211; pokrycie dachu p\u0142askiego pap\u0105<\/li><li>&#8211; docieplenie budynku p\u0142ytami warstwowymi<\/li><li>&#8211; instalacje sanitarne zewn\u0119trzne i wewn\u0119trzne: kanalizacji deszczowej, sanitarnej, wodoci\u0105gowej, hydrantowej, centralnego ogrzewania<\/li><li>&#8211; instalacje elektryczne i teletechniczne wewn\u0119trzne i zewn\u0119trzne<\/li><li>&#8211; budowa parkingu i zjazdu<\/li><\/ul>\n\n\n\n<p><\/p>\n\n\n\n<p class=\"has-background has-medium-font-size\" style=\"background-color:#e0f3fc\"><u>Przebudowa i modernizacja budynku magazynowego w Che\u0142mie na terenie wojskowym wpisanym do rejestru zabytk\u00f3w przy ul. Lubelskiej.<\/u><\/p>\n\n\n\n<p>Termin rozpocz\u0119cia: sierpie\u0144 2018 r. , termin zako\u0144czenia: wrzesie\u0144 2019 r.<br>Powierzchnia u\u017cytkowa : 1200 m2,<br>Ilo\u015b\u0107 kondygnacji : 2;<br>Wykonywano r\u00f3wnie\u017c prace w cz\u0119\u015bci okre\u015blone jako niejawne lub tajne.<\/p>\n\n\n\n<p>Zakres<\/p>\n\n\n\n<ul class=\"wp-block-list\"><li>&#8211; roboty fundamentowe i ziemne<\/li><li>&#8211; budowa szachtu i dostawa d\u017awigu osobowego<\/li><li>&#8211; roboty stanu surowego: roboty murowe i \u017celbetowe<\/li><li>&#8211; konstrukcj\u0119 \u017celbetow\u0105<\/li><li>&#8211; renowacja elewacji ceglanej z zabezpieczeniem hydrofobowym<\/li><li>&#8211; instalacje sanitarne zewn\u0119trzne i wewn\u0119trzne: kanalizacji deszczowej, sanitarnej, wodoci\u0105gowej, hydrantowej, centralnego ogrzewania<\/li><li>&#8211; instalacje elektryczne i teletechniczne wewn\u0119trzne i zewn\u0119trzne<\/li><li>&#8211; budowa parkingu i zjazdu<\/li><\/ul>\n","protected":false},"excerpt":{"rendered":"<p>Budynki produkcyjne i magazynowe W trakcie realizacji: W tej chwili nie realizujemy nowych budynk\u00f3w produkcyjnych Zrealizowane: Budynek magazynowo sk\u0142adowy w Che\u0142mie Termin rozpocz\u0119cia: wrzesie\u0144 2019 r. , termin zako\u0144czenia: kwiecie\u0144 2020r.Powierzchnia u\u017cytkowa : 800 m2,Ilo\u015b\u0107 kondygnacji : 1;Spos\u00f3b budowy : metoda tradycyjna udoskonalona na cz\u0119\u015bci socjalnej, prefabrykowana stalowa na cz\u0119\u015bci magazynowo produkcyjnej. &#8211; roboty fundamentowe [&hellip;]<\/p>\n","protected":false},"author":1,"featured_media":0,"parent":14,"menu_order":0,"comment_status":"closed","ping_status":"closed","template":"","meta":{"ngg_post_thumbnail":0,"footnotes":""},"class_list":["post-195","page","type-page","status-publish","hentry"],"_links":{"self":[{"href":"https:\/\/lidertech.com.pl\/index.php\/wp-json\/wp\/v2\/pages\/195","targetHints":{"allow":["GET"]}}],"collection":[{"href":"https:\/\/lidertech.com.pl\/index.php\/wp-json\/wp\/v2\/pages"}],"about":[{"href":"https:\/\/lidertech.com.pl\/index.php\/wp-json\/wp\/v2\/types\/page"}],"author":[{"embeddable":true,"href":"https:\/\/lidertech.com.pl\/index.php\/wp-json\/wp\/v2\/users\/1"}],"replies":[{"embeddable":true,"href":"https:\/\/lidertech.com.pl\/index.php\/wp-json\/wp\/v2\/comments?post=195"}],"version-history":[{"count":6,"href":"https:\/\/lidertech.com.pl\/index.php\/wp-json\/wp\/v2\/pages\/195\/revisions"}],"predecessor-version":[{"id":385,"href":"https:\/\/lidertech.com.pl\/index.php\/wp-json\/wp\/v2\/pages\/195\/revisions\/385"}],"up":[{"embeddable":true,"href":"https:\/\/lidertech.com.pl\/index.php\/wp-json\/wp\/v2\/pages\/14"}],"wp:attachment":[{"href":"https:\/\/lidertech.com.pl\/index.php\/wp-json\/wp\/v2\/media?parent=195"}],"curies":[{"name":"wp","href":"https:\/\/api.w.org\/{rel}","templated":true}]}}