{"id":197,"date":"2020-01-16T09:42:59","date_gmt":"2020-01-16T09:42:59","guid":{"rendered":"http:\/\/lidertech.com.pl\/?page_id=197"},"modified":"2022-01-25T18:08:11","modified_gmt":"2022-01-25T18:08:11","slug":"budynki-mieszkaniowe","status":"publish","type":"page","link":"https:\/\/lidertech.com.pl\/index.php\/realizacje\/budynki-mieszkaniowe\/","title":{"rendered":"Budynki mieszkaniowe"},"content":{"rendered":"\n<p class=\"has-background\" id=\"block-92a8fe63-1fff-4a5b-983c-212d7cd89caf\" style=\"background-color:#b3d4fc;font-size:26px\">W trakcie realizacji:<\/p>\n\n\n\n<p class=\"has-background has-medium-font-size\" id=\"block-6fa79ed6-b1fa-44a1-bc89-0b17633419d5\" style=\"background-color:#e0f3fc\"><span style=\"text-decoration: underline;\">Budynki wielorodzinne przy ul. W.Szymborskiej w Che\u0142mie<\/span><\/p>\n\n\n\n<p id=\"block-e30659b5-a791-4111-a52f-03bae4975e3a\">Termin rozpocz\u0119cia: stycze\u0144 2021 r. , termin zako\u0144czenia: luty 2022r.<br>Ilo\u015b\u0107 kondygnacji : 4;<br>&#8211; instalacje sanitarne wewn\u0119trzne: kanalizacji deszczowej, sanitarnej, wodoci\u0105gowej, hydrantowej, centralnego ogrzewania<\/p>\n","protected":false},"excerpt":{"rendered":"<p>W trakcie realizacji: Budynki wielorodzinne przy ul. W.Szymborskiej w Che\u0142mie Termin rozpocz\u0119cia: stycze\u0144 2021 r. , termin zako\u0144czenia: luty 2022r.Ilo\u015b\u0107 kondygnacji : 4;&#8211; instalacje sanitarne wewn\u0119trzne: kanalizacji deszczowej, sanitarnej, wodoci\u0105gowej, hydrantowej, centralnego ogrzewania<\/p>\n","protected":false},"author":1,"featured_media":0,"parent":14,"menu_order":0,"comment_status":"closed","ping_status":"closed","template":"","meta":{"ngg_post_thumbnail":0,"footnotes":""},"class_list":["post-197","page","type-page","status-publish","hentry"],"_links":{"self":[{"href":"https:\/\/lidertech.com.pl\/index.php\/wp-json\/wp\/v2\/pages\/197","targetHints":{"allow":["GET"]}}],"collection":[{"href":"https:\/\/lidertech.com.pl\/index.php\/wp-json\/wp\/v2\/pages"}],"about":[{"href":"https:\/\/lidertech.com.pl\/index.php\/wp-json\/wp\/v2\/types\/page"}],"author":[{"embeddable":true,"href":"https:\/\/lidertech.com.pl\/index.php\/wp-json\/wp\/v2\/users\/1"}],"replies":[{"embeddable":true,"href":"https:\/\/lidertech.com.pl\/index.php\/wp-json\/wp\/v2\/comments?post=197"}],"version-history":[{"count":4,"href":"https:\/\/lidertech.com.pl\/index.php\/wp-json\/wp\/v2\/pages\/197\/revisions"}],"predecessor-version":[{"id":384,"href":"https:\/\/lidertech.com.pl\/index.php\/wp-json\/wp\/v2\/pages\/197\/revisions\/384"}],"up":[{"embeddable":true,"href":"https:\/\/lidertech.com.pl\/index.php\/wp-json\/wp\/v2\/pages\/14"}],"wp:attachment":[{"href":"https:\/\/lidertech.com.pl\/index.php\/wp-json\/wp\/v2\/media?parent=197"}],"curies":[{"name":"wp","href":"https:\/\/api.w.org\/{rel}","templated":true}]}}